{"id":33,"date":"2016-05-08T03:46:39","date_gmt":"2016-05-08T03:46:39","guid":{"rendered":"http:\/\/strongholdthemes.com\/techlife\/?page_id=33"},"modified":"2020-07-24T14:20:44","modified_gmt":"2020-07-24T14:20:44","slug":"about","status":"publish","type":"page","link":"https:\/\/www.smelektronik.com.ec\/www\/index.php\/about\/","title":{"rendered":"Quienes Somos"},"content":{"rendered":"<p>[vc_row css=\u00bb.vc_custom_1557614717201{margin-bottom: 50px !important;}\u00bb][vc_column][vc_row_inner][vc_column_inner offset=\u00bbvc_col-lg-6&#8243;]<div class=\"stronghold-heading\"><h4 style=\"\">Smelektronik<\/h4><span style=\"background:#f9b21a;\" class=\"heading-separator\"><\/span><\/div>[vc_column_text]Es una Empresa Ecuatoriana dedicada a brindar soluciones electr\u00f3nicas integrales, que nace en el a\u00f1o 2002 con la necesidad de fabricar circuitos impresos para dar soluciones en el \u00e1rea industrial.<\/p>\n<p>Estamos comprometidos al 100% con la calidad de nuestros procedimientos, con alternativas innovadoras y tecnolog\u00eda de punta. Abordamos las necesidades de nuestros clientes, desde la fase inicial hasta la implementaci\u00f3n total de la soluci\u00f3n a la necesidad planteada, incluyendo el mantenimiento integral.<\/p>\n<p>Nuestro rol principal son las soluciones de manufactura electr\u00f3nica, desarrollando<\/p>\n<p>circuitos impresos electr\u00f3nicos en simple lado, doble lado y placas Multilayer de hasta 32 capas, creando y dise\u00f1ando circuitos electr\u00f3nicos seg\u00fan el requerimiento de cada cliente.<\/p>\n<p>Brindamos el servicio adicional de ensamble \u2013 soldadura de componentes para equipos electr\u00f3nicos en general para prototipos y producciones medianas.  Tambi\u00e9n tenemos una l\u00ednea propia de Ruteros electr\u00f3nicos de leds, pantallas HMI con teclados QTOUCH con el soporte de potencia para la industria automotriz \u2013 autobuses y fuentes de alimentaci\u00f3n \u2013 convertidores DC-DC.<\/p>\n<p>Trabajamos siempre con el prop\u00f3sito de superar las expectativas de nuestros clientes, adem\u00e1s de soluciones en manufactura electr\u00f3nica, tenemos soluciones en l\u00e1ser, desinfecci\u00f3n e importaci\u00f3n de maquinaria, ofreciendo recursos en toda nuestra plataforma de servicios de cualquier sector; sea de industria, automotriz, agr\u00edcola, salud, textil, alimenticia, residencial, entre otros.[\/vc_column_text][\/vc_column_inner][vc_column_inner offset=\u00bbvc_col-lg-6&#8243;][vc_empty_space height=\u00bb60px\u00bb][vc_single_image image=\u00bb476&#8243; img_size=\u00bbfull\u00bb][\/vc_column_inner][\/vc_row_inner][vc_empty_space][\/vc_column][\/vc_row][vc_row css=\u00bb.vc_custom_1557614822345{margin-bottom: 50px !important;}\u00bb][vc_column width=\u00bb1\/2&#8243;]<div class=\"stronghold-heading\"><h4 style=\" text-align: center;\">Misi\u00f3n<\/h4><span style=\" margin: 0 auto;background:#f9b21a;\" class=\"heading-separator\"><\/span><\/div>[vc_empty_space][vc_row_inner][vc_column_inner]<div class=\"stronghold-info-list-wrapper\" style=\"\"><div class=\"stronghold-info-list-item\"><div class=\"stronghold-info-list-icon\"><i class=\"fa fa-check-circle\" style=\"font-size:18px; color:#f9b21a;\"><\/i><\/div><div class=\"stronghold-info-list-content\"><div class=\"stronghold-info-list-title\"><h4 style=\"\"><\/h4><\/div><div class=\"stronghold-info-list-desc\"><div style=\"\">Nuestra misi\u00f3n es convertirnos en una herramienta de soluci\u00f3n para la industria en general, respondiendo satisfactoriamente y con la mejor calidad a los procesos demandantes, para que nuestros clientes encuentren un aliado con qui\u00e9n desarrollar proyectos peque\u00f1os, medianos o de gran escala.<\/p>\n<p>Cumplir los compromisos adquiridos en cada necesidad, para agregar valor a los negocios de nuestros clientes, procurando as\u00ed incrementar su competitividad, innovaci\u00f3n y mejora continua es nuestra prioridad. <\/div><\/div><\/div><\/div><\/div>[\/vc_column_inner][\/vc_row_inner][\/vc_column][vc_column width=\u00bb1\/2&#8243;]<div class=\"stronghold-heading\"><h4 style=\" text-align: center;\">Visi\u00f3n<\/h4><span style=\" margin: 0 auto;background:#f9b21a;\" class=\"heading-separator\"><\/span><\/div>[vc_empty_space][vc_row_inner][vc_column_inner]<div class=\"stronghold-info-list-wrapper\" style=\"\"><div class=\"stronghold-info-list-item\"><div class=\"stronghold-info-list-icon\"><i class=\"fa fa-check-circle\" style=\"font-size:18px; color:#f9b21a;\"><\/i><\/div><div class=\"stronghold-info-list-content\"><div class=\"stronghold-info-list-title\"><h4 style=\"\"><\/h4><\/div><div class=\"stronghold-info-list-desc\"><div style=\"\">Ser la primera opci\u00f3n de soluci\u00f3n para nuestros clientes es nuestro objetivo principal, brindando una cobertura total para cada situaci\u00f3n y necesidad en manufactura electr\u00f3nica, soluciones en laser, soluciones de desinfecci\u00f3n e importaci\u00f3n de maquinaria.\nLa innovaci\u00f3n constante nos permite garantizar nuestro trabajo a nivel nacional e internacional, expandi\u00e9ndonos a nuevos mercados con un sello de calidad certificada, complementando la soluci\u00f3n electr\u00f3nica, con soluciones integrales, con miras a brindar un sistema de llave en mano. <\/div><\/div><\/div><\/div><\/div>[\/vc_column_inner][\/vc_row_inner][\/vc_column][\/vc_row][vc_row disable_element=\u00bbyes\u00bb][vc_column][vc_empty_space][\/vc_column][\/vc_row]<\/p>\n","protected":false},"excerpt":{"rendered":"<p>[vc_row css=\u00bb.vc_custom_1557614717201{margin-bottom: 50px !important;}\u00bb][vc_column][vc_row_inner][vc_column_inner offset=\u00bbvc_col-lg-6&#8243;][vc_column_text]Es una Empresa Ecuatoriana dedicada a brindar soluciones electr\u00f3nicas integrales, que nace en el a\u00f1o 2002 con la necesidad de fabricar circuitos impresos para dar soluciones en el \u00e1rea industrial. Estamos comprometidos al 100% con la calidad de nuestros procedimientos, con alternativas innovadoras y tecnolog\u00eda de punta. Abordamos las necesidades de [&hellip;]<\/p>\n","protected":false},"author":1,"featured_media":0,"parent":0,"menu_order":0,"comment_status":"closed","ping_status":"closed","template":"","meta":{"footnotes":""},"class_list":["post-33","page","type-page","status-publish","hentry"],"_links":{"self":[{"href":"https:\/\/www.smelektronik.com.ec\/www\/index.php\/wp-json\/wp\/v2\/pages\/33","targetHints":{"allow":["GET"]}}],"collection":[{"href":"https:\/\/www.smelektronik.com.ec\/www\/index.php\/wp-json\/wp\/v2\/pages"}],"about":[{"href":"https:\/\/www.smelektronik.com.ec\/www\/index.php\/wp-json\/wp\/v2\/types\/page"}],"author":[{"embeddable":true,"href":"https:\/\/www.smelektronik.com.ec\/www\/index.php\/wp-json\/wp\/v2\/users\/1"}],"replies":[{"embeddable":true,"href":"https:\/\/www.smelektronik.com.ec\/www\/index.php\/wp-json\/wp\/v2\/comments?post=33"}],"version-history":[{"count":6,"href":"https:\/\/www.smelektronik.com.ec\/www\/index.php\/wp-json\/wp\/v2\/pages\/33\/revisions"}],"predecessor-version":[{"id":900,"href":"https:\/\/www.smelektronik.com.ec\/www\/index.php\/wp-json\/wp\/v2\/pages\/33\/revisions\/900"}],"wp:attachment":[{"href":"https:\/\/www.smelektronik.com.ec\/www\/index.php\/wp-json\/wp\/v2\/media?parent=33"}],"curies":[{"name":"wp","href":"https:\/\/api.w.org\/{rel}","templated":true}]}}