{"id":508,"date":"2016-07-08T20:17:21","date_gmt":"2016-07-08T20:17:21","guid":{"rendered":"http:\/\/strongholdthemes.com\/techlife\/?page_id=508"},"modified":"2020-07-26T18:06:08","modified_gmt":"2020-07-26T18:06:08","slug":"service-grid-filter","status":"publish","type":"page","link":"https:\/\/www.smelektronik.com.ec\/www\/index.php\/service-grid-filter\/","title":{"rendered":"Nuestras Soluciones"},"content":{"rendered":"<p>[vc_row][vc_column]<div class=\"stronghold-services-wrapper\"><div class=\"row\"><div class=\"col-md-3 service-block-block-item\"><div class=\"service-block\"><div class=\"service-block-img\"><a rel=\"external\" href=\"https:\/\/www.smelektronik.com.ec\/www\/index.php\/service\/manufactura-electronica\/ \"><div class=\"hover-overlay\"><i class=\"item-overlay-icon fa fa-link\"><\/i><\/div><img decoding=\"async\" src=\"https:\/\/www.smelektronik.com.ec\/www\/wp-content\/uploads\/2016\/05\/circuito-impreso-1-370x260.jpg\" alt=\"Service Image\"> <\/a><a rel=\"external\" href=\"https:\/\/www.smelektronik.com.ec\/www\/index.php\/service\/manufactura-electronica\/\"><\/a><\/div><div class=\"service-main-detail\"><h5 class=\"service-main-name\"><a href=\"https:\/\/www.smelektronik.com.ec\/www\/index.php\/service\/manufactura-electronica\/\">1. Manufactura Electr\u00f3nica<\/a><\/h5><div class=\"service-desc\">Nuestro rol principal son las soluciones de manufactura electr\u00f3nica, desarrollando circuitos impresos electr\u00f3nicos en simple lado, doble lado y placas Multilayer de hasta 32 capas, creando y dise\u00f1ando circuitos electr\u00f3nicos seg\u00fan el requerimiento de cada cliente.<\/div><div class=\"service-read-more\"><a class=\"read-more-btn\" href=\"https:\/\/www.smelektronik.com.ec\/www\/index.php\/service\/manufactura-electronica\/\">leer m\u00e1s<\/a> <\/div><\/div> <\/div><\/div><div class=\"col-md-3 service-block-block-item\"><div class=\"service-block\"><div class=\"service-block-img\"><a rel=\"external\" href=\"https:\/\/www.smelektronik.com.ec\/www\/index.php\/service\/soluciones-laser\/ \"><div class=\"hover-overlay\"><i class=\"item-overlay-icon fa fa-link\"><\/i><\/div><img decoding=\"async\" src=\"https:\/\/www.smelektronik.com.ec\/www\/wp-content\/uploads\/2016\/05\/servicio-laser-370x260.jpg\" alt=\"Service Image\"> <\/a><a rel=\"external\" href=\"https:\/\/www.smelektronik.com.ec\/www\/index.php\/service\/soluciones-laser\/\"><\/a><\/div><div class=\"service-main-detail\"><h5 class=\"service-main-name\"><a href=\"https:\/\/www.smelektronik.com.ec\/www\/index.php\/service\/soluciones-laser\/\">2. Soluciones L\u00e1ser<\/a><\/h5><div class=\"service-desc\">Esta soluci\u00f3n permite cortar, soldar y grabar en materiales met\u00e1licos y no met\u00e1licos, con la finalidad de crear y personalizar todo tipo de objetos.<\/div><div class=\"service-read-more\"><a class=\"read-more-btn\" href=\"https:\/\/www.smelektronik.com.ec\/www\/index.php\/service\/soluciones-laser\/\">leer m\u00e1s<\/a> <\/div><\/div> <\/div><\/div><div class=\"col-md-3 service-block-block-item\"><div class=\"service-block\"><div class=\"service-block-img\"><a rel=\"external\" href=\"https:\/\/www.smelektronik.com.ec\/www\/index.php\/service\/soluciones-de-desinfeccion\/ \"><div class=\"hover-overlay\"><i class=\"item-overlay-icon fa fa-link\"><\/i><\/div><img decoding=\"async\" src=\"https:\/\/www.smelektronik.com.ec\/www\/wp-content\/uploads\/2020\/07\/WhatsApp-Image-2020-07-18-at-20.18.53-370x260.jpeg\" alt=\"Service Image\"> <\/a><a rel=\"external\" href=\"https:\/\/www.smelektronik.com.ec\/www\/index.php\/service\/soluciones-de-desinfeccion\/\"><\/a><\/div><div class=\"service-main-detail\"><h5 class=\"service-main-name\"><a href=\"https:\/\/www.smelektronik.com.ec\/www\/index.php\/service\/soluciones-de-desinfeccion\/\">3. Soluciones de Desinfecci\u00f3n<\/a><\/h5><div class=\"service-desc\">Basada en luz UVC de 270 Nms, esta energ\u00eda lum\u00ednica tiene el poder de eliminar pat\u00f3gernos, virus y bacterias, que se encuentran en las superficies expuestas, como en prendas de vestir, sin afectar piel y ojos; reduciendo el riesgo de contagios<\/div><div class=\"service-read-more\"><a class=\"read-more-btn\" href=\"https:\/\/www.smelektronik.com.ec\/www\/index.php\/service\/soluciones-de-desinfeccion\/\">leer m\u00e1s<\/a> <\/div><\/div> <\/div><\/div><div class=\"col-md-3 service-block-block-item\"><div class=\"service-block\"><div class=\"service-block-img\"><a rel=\"external\" href=\"https:\/\/www.smelektronik.com.ec\/www\/index.php\/service\/importacion-maquinaria\/ \"><div class=\"hover-overlay\"><i class=\"item-overlay-icon fa fa-link\"><\/i><\/div><img decoding=\"async\" src=\"https:\/\/www.smelektronik.com.ec\/www\/wp-content\/uploads\/2020\/07\/MAQUINARIA-1-370x260.jpg\" alt=\"Service Image\"> <\/a><a rel=\"external\" href=\"https:\/\/www.smelektronik.com.ec\/www\/index.php\/service\/importacion-maquinaria\/\"><\/a><\/div><div class=\"service-main-detail\"><h5 class=\"service-main-name\"><a href=\"https:\/\/www.smelektronik.com.ec\/www\/index.php\/service\/importacion-maquinaria\/\">4. Importaci\u00f3n Maquinaria<\/a><\/h5><div class=\"service-desc\">Nuestro servicio de importaci\u00f3n se basa en el estudio del producto, las necesidades y requerimientos del cliente, obteniendo los mejores resultados para nuestros beneficiarios.<\/div><div class=\"service-read-more\"><a class=\"read-more-btn\" href=\"https:\/\/www.smelektronik.com.ec\/www\/index.php\/service\/importacion-maquinaria\/\">leer m\u00e1s<\/a> <\/div><\/div> <\/div><\/div><\/div><\/div> [\/vc_column][\/vc_row]<\/p>\n","protected":false},"excerpt":{"rendered":"<p>[vc_row][vc_column][\/vc_column][\/vc_row]<\/p>\n","protected":false},"author":1,"featured_media":0,"parent":0,"menu_order":0,"comment_status":"closed","ping_status":"closed","template":"","meta":{"footnotes":""},"class_list":["post-508","page","type-page","status-publish","hentry"],"_links":{"self":[{"href":"https:\/\/www.smelektronik.com.ec\/www\/index.php\/wp-json\/wp\/v2\/pages\/508","targetHints":{"allow":["GET"]}}],"collection":[{"href":"https:\/\/www.smelektronik.com.ec\/www\/index.php\/wp-json\/wp\/v2\/pages"}],"about":[{"href":"https:\/\/www.smelektronik.com.ec\/www\/index.php\/wp-json\/wp\/v2\/types\/page"}],"author":[{"embeddable":true,"href":"https:\/\/www.smelektronik.com.ec\/www\/index.php\/wp-json\/wp\/v2\/users\/1"}],"replies":[{"embeddable":true,"href":"https:\/\/www.smelektronik.com.ec\/www\/index.php\/wp-json\/wp\/v2\/comments?post=508"}],"version-history":[{"count":8,"href":"https:\/\/www.smelektronik.com.ec\/www\/index.php\/wp-json\/wp\/v2\/pages\/508\/revisions"}],"predecessor-version":[{"id":996,"href":"https:\/\/www.smelektronik.com.ec\/www\/index.php\/wp-json\/wp\/v2\/pages\/508\/revisions\/996"}],"wp:attachment":[{"href":"https:\/\/www.smelektronik.com.ec\/www\/index.php\/wp-json\/wp\/v2\/media?parent=508"}],"curies":[{"name":"wp","href":"https:\/\/api.w.org\/{rel}","templated":true}]}}